{"id":137,"date":"2020-05-03T20:44:28","date_gmt":"2020-05-03T18:44:28","guid":{"rendered":"http:\/\/hiermeier-isv.de\/?page_id=137"},"modified":"2025-09-06T12:05:49","modified_gmt":"2025-09-06T10:05:49","slug":"home","status":"publish","type":"page","link":"https:\/\/hiermeier-isv.de\/","title":{"rendered":"Home"},"content":{"rendered":"<p>[et_pb_section fb_built=&#8220;1&#8243; fullwidth=&#8220;on&#8220; _builder_version=&#8220;4.16&#8243; bottom_divider_style=&#8220;wave2&#8243; bottom_divider_color=&#8220;#ffffff&#8220; bottom_divider_height=&#8220;75px&#8220; global_colors_info=&#8220;{}&#8220;][et_pb_fullwidth_header title=&#8220;Marc Hiermeier&#8220; subhead=&#8220;Ingenieur | Sachverst\u00e4ndiger&#8220; text_orientation=&#8220;center&#8220; header_fullscreen=&#8220;on&#8220; header_scroll_down=&#8220;on&#8220; scroll_down_icon=&#8220;%%3%%&#8220; scroll_down_icon_color=&#8220;#ffffff&#8220; scroll_down_icon_size=&#8220;66px&#8220; button_one_text=&#8220;\u00dcber mich&#8220; button_one_url=&#8220;@ET-DC@eyJkeW5hbWljIjp0cnVlLCJjb250ZW50IjoicG9zdF9saW5rX3VybF9wYWdlIiwic2V0dGluZ3MiOnsicG9zdF9pZCI6IjE0OCJ9fQ==@&#8220; button_two_text=&#8220;Kontakt&#8220; button_two_url=&#8220;@ET-DC@eyJkeW5hbWljIjp0cnVlLCJjb250ZW50IjoicG9zdF9saW5rX3VybF9wYWdlIiwic2V0dGluZ3MiOnsicG9zdF9pZCI6IjE1MiJ9fQ==@&#8220; scroll_down_icon_color_tablet=&#8220;&#8220; scroll_down_icon_color_phone=&#8220;&#8220; scroll_down_icon_color_last_edited=&#8220;on|desktop&#8220; scroll_down_icon_size_tablet=&#8220;&#8220; scroll_down_icon_size_phone=&#8220;47px&#8220; scroll_down_icon_size_last_edited=&#8220;on|phone&#8220; admin_label=&#8220;Vollbreite Kopfzeile&#8220; _builder_version=&#8220;4.27.4&#8243; _dynamic_attributes=&#8220;button_two_url,button_one_url&#8220; title_font=&#8220;OpenSans|600||on|||||&#8220; title_text_align=&#8220;center&#8220; title_font_size=&#8220;68px&#8220; title_letter_spacing=&#8220;10px&#8220; content_font=&#8220;|||||on|||&#8220; content_text_align=&#8220;center&#8220; content_font_size=&#8220;16px&#8220; subhead_font=&#8220;|600||on|||||&#8220; subhead_text_align=&#8220;center&#8220; subhead_font_size=&#8220;32px&#8220; subhead_letter_spacing=&#8220;1px&#8220; subhead_line_height=&#8220;3em&#8220; background_enable_color=&#8220;off&#8220; use_background_color_gradient=&#8220;on&#8220; background_color_gradient_direction=&#8220;90deg&#8220; background_color_gradient_stops=&#8220;rgba(76,144,186,0.5) 0%|rgba(12,63,158,0.58) 100%&#8220; background_color_gradient_overlays_image=&#8220;on&#8220; background_color_gradient_start=&#8220;rgba(76,144,186,0.5)&#8220; background_color_gradient_end=&#8220;rgba(12,63,158,0.58)&#8220; background_image=&#8220;http:\/\/hiermeier-isv.de\/wp-content\/uploads\/2020\/05\/fittings-2784902_1920-e1588524254457.jpg&#8220; custom_button_one=&#8220;on&#8220; button_one_border_radius=&#8220;5px&#8220; button_one_font=&#8220;|||||on|||&#8220; custom_button_two=&#8220;on&#8220; button_two_border_radius=&#8220;5px&#8220; button_two_font=&#8220;|||||on|||&#8220; width=&#8220;99.6%&#8220; custom_margin=&#8220;||-19px|||&#8220; custom_padding=&#8220;50px|||||&#8220; title_font_size_tablet=&#8220;64px&#8220; title_font_size_phone=&#8220;40px&#8220; title_font_size_last_edited=&#8220;on|phone&#8220; title_line_height_tablet=&#8220;1em&#8220; title_line_height_phone=&#8220;1.3em&#8220; title_line_height_last_edited=&#8220;on|phone&#8220; content_text_align_tablet=&#8220;center&#8220; content_text_align_phone=&#8220;justify&#8220; content_text_align_last_edited=&#8220;on|phone&#8220; content_font_size_tablet=&#8220;&#8220; content_font_size_phone=&#8220;14px&#8220; content_font_size_last_edited=&#8220;on|phone&#8220; content_letter_spacing_tablet=&#8220;&#8220; content_letter_spacing_phone=&#8220;&#8220; content_letter_spacing_last_edited=&#8220;on|phone&#8220; content_line_height_tablet=&#8220;&#8220; content_line_height_phone=&#8220;1.8em&#8220; content_line_height_last_edited=&#8220;on|phone&#8220; subhead_font_size_tablet=&#8220;21px&#8220; subhead_font_size_phone=&#8220;13px&#8220; subhead_font_size_last_edited=&#8220;on|phone&#8220; subhead_line_height_tablet=&#8220;&#8220; subhead_line_height_phone=&#8220;3em&#8220; subhead_line_height_last_edited=&#8220;on|desktop&#8220; global_colors_info=&#8220;{}&#8220; subhead_font_size__hover_enabled=&#8220;off|desktop&#8220;][\/et_pb_fullwidth_header][\/et_pb_section][et_pb_section fb_built=&#8220;1&#8243; _builder_version=&#8220;4.16&#8243; global_colors_info=&#8220;{}&#8220;][et_pb_row _builder_version=&#8220;4.16&#8243; background_color=&#8220;#ffffff&#8220; min_height=&#8220;242px&#8220; global_colors_info=&#8220;{}&#8220;][et_pb_column type=&#8220;4_4&#8243; _builder_version=&#8220;4.16&#8243; global_colors_info=&#8220;{}&#8220;][et_pb_blurb use_icon=&#8220;on&#8220; font_icon=&#8220;&#x76;||divi||400&#8243; icon_color=&#8220;#444444&#8243; _builder_version=&#8220;4.16&#8243; body_font=&#8220;|||||on|||&#8220; body_text_align=&#8220;center&#8220; body_font_size=&#8220;22px&#8220; body_line_height=&#8220;1.8em&#8220; min_height=&#8220;318px&#8220; custom_margin=&#8220;||-76px||false|false&#8220; custom_margin_tablet=&#8220;&#8220; custom_margin_phone=&#8220;&#8220; custom_margin_last_edited=&#8220;on|phone&#8220; custom_padding_last_edited=&#8220;off|desktop&#8220; body_font_size_phone=&#8220;20px&#8220; global_colors_info=&#8220;{}&#8220;]<\/p>\n<p><span>Als Ihr Fachmann im Bereich Fernw\u00e4rme und Fernk\u00e4lte, Gas- und Wasserleitungen biete ich Unterst\u00fctzung, sowie projektbegleitende Betreuung und Dienstleistungen f\u00fcr Rohrleitungsbau- und Versorgungsunternehmen<\/span><\/p>\n<p>[\/et_pb_blurb][\/et_pb_column][\/et_pb_row][\/et_pb_section][et_pb_section fb_built=&#8220;1&#8243; _builder_version=&#8220;4.16&#8243; global_colors_info=&#8220;{}&#8220;][et_pb_row column_structure=&#8220;1_3,1_3,1_3&#8243; use_custom_gutter=&#8220;on&#8220; gutter_width=&#8220;2&#8243; admin_label=&#8220;Zeile&#8220; _builder_version=&#8220;4.27.4&#8243; width=&#8220;100%&#8220; max_width=&#8220;1187px&#8220; custom_margin=&#8220;|169px||auto||&#8220; global_colors_info=&#8220;{}&#8220;][et_pb_column type=&#8220;1_3&#8243; _builder_version=&#8220;4.16&#8243; global_colors_info=&#8220;{}&#8220;][et_pb_blurb title=&#8220;SCHWEISSTECHNIK&#8220; url=&#8220;@ET-DC@eyJkeW5hbWljIjp0cnVlLCJjb250ZW50IjoicG9zdF9saW5rX3VybF9wYWdlIiwic2V0dGluZ3MiOnsicG9zdF9pZCI6IjE2MSJ9fQ==@&#8220; use_icon=&#8220;on&#8220; font_icon=&#8220;&#xe0e3;||divi||400&#8243; icon_color=&#8220;#444444&#8243; _builder_version=&#8220;4.27.4&#8243; _dynamic_attributes=&#8220;url&#8220; header_font=&#8220;|700||on|||||&#8220; header_text_align=&#8220;center&#8220; header_text_color=&#8220;#444444&#8243; header_letter_spacing=&#8220;5px&#8220; header_line_height=&#8220;1.2em&#8220; body_font=&#8220;|||on|||||&#8220; body_text_color=&#8220;#444444&#8243; body_letter_spacing=&#8220;1px&#8220; body_line_height=&#8220;1.4em&#8220; text_orientation=&#8220;center&#8220; global_colors_info=&#8220;{}&#8220;]<\/p>\n<p>Externe SCHWEISSAUFSICHT<br \/>EN ISO 14731 (SFI-IWE)<\/p>\n<p>Zertifizierter Pr\u00fcfer<br \/>EN ISO 9712 (VT-Stufe2-Sektor3)<\/p>\n<p style=\"text-align: center;\">[\/et_pb_blurb][et_pb_button button_url=&#8220;@ET-DC@eyJkeW5hbWljIjp0cnVlLCJjb250ZW50IjoicG9zdF9saW5rX3VybF9wYWdlIiwic2V0dGluZ3MiOnsicG9zdF9pZCI6IjE2MSJ9fQ==@&#8220; button_text=&#8220;n\u00e4heres&#8230;.&#8220; button_alignment=&#8220;center&#8220; _builder_version=&#8220;4.27.4&#8243; _dynamic_attributes=&#8220;button_url&#8220; custom_button=&#8220;on&#8220; button_text_size=&#8220;18px&#8220; button_text_color=&#8220;#100000&#8243; button_border_radius=&#8220;5px&#8220; button_letter_spacing=&#8220;0px&#8220; button_font=&#8220;|600|||||||&#8220; global_colors_info=&#8220;{}&#8220;][\/et_pb_button][\/et_pb_column][et_pb_column type=&#8220;1_3&#8243; _builder_version=&#8220;4.16&#8243; global_colors_info=&#8220;{}&#8220;][et_pb_blurb title=&#8220;ROHRLEITUNGS- UND ANLAGENBAU&#8220; url=&#8220;@ET-DC@eyJkeW5hbWljIjp0cnVlLCJjb250ZW50IjoicG9zdF9saW5rX3VybF9wYWdlIiwic2V0dGluZ3MiOnsicG9zdF9pZCI6IjE1NSJ9fQ==@&#8220; use_icon=&#8220;on&#8220; font_icon=&#8220;&#xe0f5;||divi||400&#8243; icon_color=&#8220;#444444&#8243; image_icon_width=&#8220;91px&#8220; _builder_version=&#8220;4.27.4&#8243; _dynamic_attributes=&#8220;url&#8220; header_font=&#8220;|700||on|||||&#8220; header_text_align=&#8220;center&#8220; header_text_color=&#8220;#444444&#8243; header_letter_spacing=&#8220;5px&#8220; header_line_height=&#8220;1.2em&#8220; body_font=&#8220;|||on|||||&#8220; body_text_align=&#8220;center&#8220; body_text_color=&#8220;#444444&#8243; body_font_size=&#8220;16px&#8220; body_line_height=&#8220;1.3em&#8220; icon_font_size=&#8220;91px&#8220; global_colors_info=&#8220;{}&#8220;]<\/p>\n<p>Fachmann im Bereich Fernw\u00e4rme und Fernk\u00e4lte f\u00fcr erdverlegte und geb\u00e4udeverlegte Rohrleitungen, alle Nennweiten und Dr\u00fccke (SMR, KMR, Haubenkanal, Schachtbauwerke).<\/p>\n<p>Fachmann im Bereich Gas und Wasser f\u00fcr Erdverlegte Rohrleitungen, alle Nennweiten und Dr\u00fccke.<\/p>\n<p>[\/et_pb_blurb][et_pb_button button_url=&#8220;@ET-DC@eyJkeW5hbWljIjp0cnVlLCJjb250ZW50IjoicG9zdF9saW5rX3VybF9wYWdlIiwic2V0dGluZ3MiOnsicG9zdF9pZCI6IjE1NSJ9fQ==@&#8220; button_text=&#8220;n\u00e4heres&#8230;.&#8220; button_alignment=&#8220;center&#8220; _builder_version=&#8220;4.27.4&#8243; _dynamic_attributes=&#8220;button_url&#8220; custom_button=&#8220;on&#8220; button_text_size=&#8220;18px&#8220; button_text_color=&#8220;#100000&#8243; button_border_radius=&#8220;5px&#8220; button_letter_spacing=&#8220;0px&#8220; button_font=&#8220;|600|||||||&#8220; global_colors_info=&#8220;{}&#8220;][\/et_pb_button][\/et_pb_column][et_pb_column type=&#8220;1_3&#8243; _builder_version=&#8220;4.16&#8243; global_colors_info=&#8220;{}&#8220;][et_pb_blurb title=&#8220;SACHVERST\u00c4NDIGEN- UND GUTACHTER-WESEN&#8220; url=&#8220;@ET-DC@eyJkeW5hbWljIjp0cnVlLCJjb250ZW50IjoicG9zdF9saW5rX3VybF9wYWdlIiwic2V0dGluZ3MiOnsicG9zdF9pZCI6IjE1OCJ9fQ==@&#8220; use_icon=&#8220;on&#8220; font_icon=&#8220;&#x5a;||divi||400&#8243; icon_color=&#8220;#444444&#8243; _builder_version=&#8220;4.27.4&#8243; _dynamic_attributes=&#8220;url&#8220; header_font=&#8220;|700|||||||&#8220; header_text_align=&#8220;center&#8220; header_text_color=&#8220;#444444&#8243; header_font_size=&#8220;18px&#8220; header_letter_spacing=&#8220;5px&#8220; header_line_height=&#8220;1.2em&#8220; body_font=&#8220;|||on|||||&#8220; body_text_align=&#8220;center&#8220; body_text_color=&#8220;#444444&#8243; body_font_size=&#8220;16px&#8220; body_line_height=&#8220;1.4em&#8220; global_colors_info=&#8220;{}&#8220; header_font_size__hover_enabled=&#8220;on|desktop&#8220; header_font_size__hover=&#8220;18px&#8220;]<\/p>\n<p>gepr\u00fcfter und anerkannter Sachverst\u00e4ndiger f\u00fcr maschinenbau durch den Berufsfachverband f\u00fcr das sachverst\u00e4ndigen- und Gutachterwesen e.V. (Bsg &#8211; registriert) und durch die deutsche sachverst\u00e4ndigen Gesellschaft (desag \u2013 mitglied)<\/p>\n<p>[\/et_pb_blurb][et_pb_button button_url=&#8220;@ET-DC@eyJkeW5hbWljIjp0cnVlLCJjb250ZW50IjoicG9zdF9saW5rX3VybF9wYWdlIiwic2V0dGluZ3MiOnsicG9zdF9pZCI6IjE1OCJ9fQ==@&#8220; button_text=&#8220;n\u00e4heres&#8230;.&#8220; button_alignment=&#8220;center&#8220; _builder_version=&#8220;4.27.4&#8243; _dynamic_attributes=&#8220;button_url&#8220; custom_button=&#8220;on&#8220; button_text_size=&#8220;18px&#8220; button_text_color=&#8220;#100000&#8243; button_border_radius=&#8220;5px&#8220; button_letter_spacing=&#8220;0px&#8220; button_font=&#8220;|600|||||||&#8220; global_colors_info=&#8220;{}&#8220;][\/et_pb_button][\/et_pb_column][\/et_pb_row][\/et_pb_section][et_pb_section fb_built=&#8220;1&#8243; prev_background_color=&#8220;#ffffff&#8220; _builder_version=&#8220;4.16&#8243; use_background_color_gradient=&#8220;on&#8220; background_color_gradient_direction=&#8220;97deg&#8220; background_color_gradient_stops=&#8220;#004e7f 21%|#00076b 100%&#8220; background_color_gradient_start=&#8220;#004e7f&#8220; background_color_gradient_start_position=&#8220;21%&#8220; background_color_gradient_end=&#8220;#00076b&#8220; top_divider_style=&#8220;wave2&#8243; top_divider_height=&#8220;83px&#8220; global_colors_info=&#8220;{}&#8220;][et_pb_row _builder_version=&#8220;4.16&#8243; global_colors_info=&#8220;{}&#8220;][et_pb_column type=&#8220;4_4&#8243; _builder_version=&#8220;4.16&#8243; global_colors_info=&#8220;{}&#8220;][et_pb_text _builder_version=&#8220;4.16&#8243; text_font=&#8220;|700||||on|||&#8220; text_text_color=&#8220;#ffffff&#8220; text_font_size=&#8220;40px&#8220; text_letter_spacing=&#8220;2px&#8220; text_line_height=&#8220;1.6em&#8220; min_height=&#8220;43px&#8220; custom_margin=&#8220;4px||-39px|||&#8220; custom_padding=&#8220;||21px|||&#8220; global_colors_info=&#8220;{}&#8220;]<\/p>\n<p>Was kann ich f\u00fcr Sie tun?<\/p>\n<p>[\/et_pb_text][\/et_pb_column][\/et_pb_row][et_pb_row column_structure=&#8220;1_3,1_3,1_3&#8243; _builder_version=&#8220;4.16&#8243; global_colors_info=&#8220;{}&#8220;][et_pb_column type=&#8220;1_3&#8243; _builder_version=&#8220;4.16&#8243; global_colors_info=&#8220;{}&#8220;][et_pb_blurb title=&#8220;Professionelle Arbeit&#8220; url=&#8220;@ET-DC@eyJkeW5hbWljIjp0cnVlLCJjb250ZW50IjoicG9zdF9saW5rX3VybF9wYWdlIiwic2V0dGluZ3MiOnsicG9zdF9pZCI6IjE0OCJ9fQ==@&#8220; use_icon=&#8220;on&#8220; font_icon=&#8220;&#x4e;||divi||400&#8243; icon_color=&#8220;#ffffff&#8220; module_class=&#8220;animation-blurb&#8220; _builder_version=&#8220;4.16&#8243; _dynamic_attributes=&#8220;url&#8220; header_level=&#8220;h3&#8243; header_font=&#8220;|700||on|||||&#8220; header_text_align=&#8220;center&#8220; header_text_color=&#8220;#ffffff&#8220; header_letter_spacing=&#8220;5px&#8220; header_line_height=&#8220;1.2em&#8220; body_font=&#8220;|600||||on|||&#8220; body_text_align=&#8220;center&#8220; body_text_color=&#8220;#ffffff&#8220; body_letter_spacing=&#8220;2px&#8220; body_line_height=&#8220;1.2em&#8220; animation_style=&#8220;fade&#8220; custom_css_main_element=&#8220;border: 1px solid #3194c8;||padding: 25px;||border-radius: 4px;&#8220; global_colors_info=&#8220;{}&#8220;]<\/p>\n<p>Auf Grund meiner jahrelangen Erfahrung, sowie meiner Zertifizierungen, garantiere ich Ihnen einen hochwertigen Abschluss<\/p>\n<p>[\/et_pb_blurb][\/et_pb_column][et_pb_column type=&#8220;1_3&#8243; _builder_version=&#8220;4.16&#8243; global_colors_info=&#8220;{}&#8220;][et_pb_blurb title=&#8220;Motivation &#038; Kreativit\u00e4t&#8220; url=&#8220;@ET-DC@eyJkeW5hbWljIjp0cnVlLCJjb250ZW50IjoicG9zdF9saW5rX3VybF9wYWdlIiwic2V0dGluZ3MiOnsicG9zdF9pZCI6IjE0OCJ9fQ==@&#8220; use_icon=&#8220;on&#8220; font_icon=&#8220;&#xe007;||divi||400&#8243; icon_color=&#8220;#ffffff&#8220; module_class=&#8220;animation-blurb&#8220; _builder_version=&#8220;4.16&#8243; _dynamic_attributes=&#8220;url&#8220; header_level=&#8220;h3&#8243; header_font=&#8220;|700||on|||||&#8220; header_text_align=&#8220;center&#8220; header_text_color=&#8220;#ffffff&#8220; header_letter_spacing=&#8220;5px&#8220; header_line_height=&#8220;1.2em&#8220; body_font=&#8220;|600||||on|||&#8220; body_text_align=&#8220;center&#8220; body_text_color=&#8220;#ffffff&#8220; body_letter_spacing=&#8220;2px&#8220; body_line_height=&#8220;1.2em&#8220; animation_style=&#8220;fade&#8220; animation_delay=&#8220;500ms&#8220; custom_css_main_element=&#8220;border: 1px solid #3194c8;||padding: 25px;||border-radius: 4px;&#8220; global_colors_info=&#8220;{}&#8220;]<\/p>\n<p><span>\u201eWir brauchen weniger Ideen, aber daf\u00fcr bessere.\u201c Klasse statt Masse. Gute Ideen sind produzierbar, vorausgesetzt, man geht systematisch vor.<\/span><\/p>\n<p>[\/et_pb_blurb][\/et_pb_column][et_pb_column type=&#8220;1_3&#8243; _builder_version=&#8220;4.16&#8243; global_colors_info=&#8220;{}&#8220;][et_pb_blurb title=&#8220;Termingerechte Erledigung&#8220; url=&#8220;@ET-DC@eyJkeW5hbWljIjp0cnVlLCJjb250ZW50IjoicG9zdF9saW5rX3VybF9wYWdlIiwic2V0dGluZ3MiOnsicG9zdF9pZCI6IjE0OCJ9fQ==@&#8220; use_icon=&#8220;on&#8220; font_icon=&#8220;&#x7d;||divi||400&#8243; icon_color=&#8220;#ffffff&#8220; module_class=&#8220;animation-blurb&#8220; _builder_version=&#8220;4.16&#8243; _dynamic_attributes=&#8220;url&#8220; header_level=&#8220;h3&#8243; header_font=&#8220;|700||on|||||&#8220; header_text_align=&#8220;center&#8220; header_text_color=&#8220;#ffffff&#8220; header_letter_spacing=&#8220;5px&#8220; header_line_height=&#8220;1.2em&#8220; body_font=&#8220;|600||||on|||&#8220; body_text_align=&#8220;center&#8220; body_text_color=&#8220;#ffffff&#8220; body_letter_spacing=&#8220;2px&#8220; body_line_height=&#8220;1.2em&#8220; animation_style=&#8220;fade&#8220; animation_delay=&#8220;1000ms&#8220; custom_css_main_element=&#8220;border: 1px solid #3194c8;||padding: 25px;||border-radius: 4px;&#8220; global_colors_info=&#8220;{}&#8220;]<\/p>\n<p><span>In der termingerechten und pr\u00e4zisen Erledigung selbst kurzfristiger Auftr\u00e4ge liegt mein besonderes Augenmerk. Daf\u00fcr stehe ich ein.<\/span><\/p>\n<p>[\/et_pb_blurb][\/et_pb_column][\/et_pb_row][\/et_pb_section][et_pb_section fb_built=&#8220;1&#8243; _builder_version=&#8220;4.16&#8243; global_colors_info=&#8220;{}&#8220;][et_pb_row _builder_version=&#8220;4.16&#8243; global_colors_info=&#8220;{}&#8220;][et_pb_column type=&#8220;4_4&#8243; _builder_version=&#8220;4.16&#8243; global_colors_info=&#8220;{}&#8220;][et_pb_text _builder_version=&#8220;4.16&#8243; text_font=&#8220;|700||||on|||&#8220; text_text_color=&#8220;#444444&#8243; text_font_size=&#8220;40px&#8220; text_orientation=&#8220;center&#8220; min_height=&#8220;60px&#8220; custom_margin=&#8220;-4px||-37px|||&#8220; custom_padding=&#8220;0px|||||&#8220; global_colors_info=&#8220;{}&#8220;]<\/p>\n<p>Kunden<\/p>\n<p>[\/et_pb_text][\/et_pb_column][\/et_pb_row][et_pb_row column_structure=&#8220;1_4,1_4,1_4,1_4&#8243; _builder_version=&#8220;4.16&#8243; global_colors_info=&#8220;{}&#8220;][et_pb_column type=&#8220;1_4&#8243; _builder_version=&#8220;4.16&#8243; global_colors_info=&#8220;{}&#8220;][et_pb_image src=&#8220;http:\/\/hiermeier-isv.de\/wp-content\/uploads\/2020\/05\/bayernwerk.png&#8220; title_text=&#8220;bayernwerk&#8220; align=&#8220;center&#8220; _builder_version=&#8220;4.16&#8243; width=&#8220;100%&#8220; max_width=&#8220;100%&#8220; module_alignment=&#8220;left&#8220; custom_margin=&#8220;5px||||false|false&#8220; animation_direction=&#8220;left&#8220; global_colors_info=&#8220;{}&#8220;][\/et_pb_image][\/et_pb_column][et_pb_column type=&#8220;1_4&#8243; _builder_version=&#8220;4.16&#8243; global_colors_info=&#8220;{}&#8220;][et_pb_image src=&#8220;http:\/\/hiermeier-isv.de\/wp-content\/uploads\/2020\/05\/eon.png&#8220; title_text=&#8220;eon&#8220; align=&#8220;center&#8220; _builder_version=&#8220;4.16&#8243; custom_margin=&#8220;-41px||||false|false&#8220; animation_direction=&#8220;bottom&#8220; hover_enabled=&#8220;0&#8243; global_colors_info=&#8220;{}&#8220; sticky_enabled=&#8220;0&#8243;][\/et_pb_image][\/et_pb_column][et_pb_column type=&#8220;1_4&#8243; _builder_version=&#8220;4.16&#8243; global_colors_info=&#8220;{}&#8220;][et_pb_image src=&#8220;http:\/\/hiermeier-isv.de\/wp-content\/uploads\/2020\/05\/wundara.png&#8220; title_text=&#8220;wundara&#8220; align=&#8220;center&#8220; _builder_version=&#8220;4.16&#8243; custom_margin=&#8220;20px||||false|false&#8220; global_colors_info=&#8220;{}&#8220;][\/et_pb_image][\/et_pb_column][et_pb_column type=&#8220;1_4&#8243; _builder_version=&#8220;4.16&#8243; global_colors_info=&#8220;{}&#8220;][et_pb_image src=&#8220;http:\/\/hiermeier-isv.de\/wp-content\/uploads\/2020\/05\/iska.png&#8220; title_text=&#8220;iska&#8220; align=&#8220;center&#8220; _builder_version=&#8220;4.16&#8243; custom_margin=&#8220;-41px||||false|false&#8220; global_colors_info=&#8220;{}&#8220;][\/et_pb_image][\/et_pb_column][\/et_pb_row][et_pb_row column_structure=&#8220;1_4,1_4,1_4,1_4&#8243; _builder_version=&#8220;4.16&#8243; global_colors_info=&#8220;{}&#8220;][et_pb_column type=&#8220;1_4&#8243; _builder_version=&#8220;4.16&#8243; global_colors_info=&#8220;{}&#8220;][et_pb_image src=&#8220;https:\/\/hiermeier-isv.de\/wp-content\/uploads\/2025\/09\/HEnW_Logo_2Z_rot-blau_RGB.png&#8220; title_text=&#8220;HEnW_Logo_2Z_rot-blau_RGB&#8220; align=&#8220;center&#8220; _builder_version=&#8220;4.27.4&#8243; width=&#8220;100%&#8220; max_width=&#8220;100%&#8220; module_alignment=&#8220;left&#8220; custom_margin=&#8220;5px||||false|false&#8220; animation_direction=&#8220;left&#8220; hover_enabled=&#8220;0&#8243; global_colors_info=&#8220;{}&#8220; sticky_enabled=&#8220;0&#8243;][\/et_pb_image][\/et_pb_column][et_pb_column type=&#8220;1_4&#8243; _builder_version=&#8220;4.16&#8243; global_colors_info=&#8220;{}&#8220;][et_pb_image src=&#8220;https:\/\/hiermeier-isv.de\/wp-content\/uploads\/2025\/09\/Enercity_Logo.svg_.png&#8220; title_text=&#8220;Enercity_Logo.svg&#8220; align=&#8220;center&#8220; _builder_version=&#8220;4.27.4&#8243; custom_margin=&#8220;-41px||||false|false&#8220; animation_direction=&#8220;bottom&#8220; hover_enabled=&#8220;0&#8243; global_colors_info=&#8220;{}&#8220; sticky_enabled=&#8220;0&#8243;][\/et_pb_image][\/et_pb_column][et_pb_column type=&#8220;1_4&#8243; _builder_version=&#8220;4.16&#8243; global_colors_info=&#8220;{}&#8220;][et_pb_image src=&#8220;https:\/\/hiermeier-isv.de\/wp-content\/uploads\/2025\/09\/STRABAG_SE_40_breit_mit_weiss_RGB_r12.webp&#8220; title_text=&#8220;STRABAG_SE_40_breit_mit_weiss_RGB_r12&#8243; align=&#8220;center&#8220; _builder_version=&#8220;4.27.4&#8243; custom_margin=&#8220;20px||||false|false&#8220; hover_enabled=&#8220;0&#8243; global_colors_info=&#8220;{}&#8220; sticky_enabled=&#8220;0&#8243;][\/et_pb_image][\/et_pb_column][et_pb_column type=&#8220;1_4&#8243; _builder_version=&#8220;4.16&#8243; global_colors_info=&#8220;{}&#8220;][et_pb_image src=&#8220;https:\/\/hiermeier-isv.de\/wp-content\/uploads\/2025\/09\/b-gasnetz.jpg&#8220; title_text=&#8220;b-gasnetz&#8220; align=&#8220;center&#8220; _builder_version=&#8220;4.27.4&#8243; custom_margin=&#8220;-41px||||false|false&#8220; hover_enabled=&#8220;0&#8243; global_colors_info=&#8220;{}&#8220; sticky_enabled=&#8220;0&#8243;][\/et_pb_image][\/et_pb_column][\/et_pb_row][\/et_pb_section]<\/p>\n","protected":false},"excerpt":{"rendered":"<p>Als Ihr Fachmann im Bereich Fernw\u00e4rme und Fernk\u00e4lte, Gas- und Wasserleitungen biete ich Unterst\u00fctzung, sowie projektbegleitende Betreuung und Dienstleistungen f\u00fcr Rohrleitungsbau- und VersorgungsunternehmenExterne SCHWEISSAUFSICHTEN ISO 14731 (SFI-IWE) Zertifizierter Pr\u00fcferEN ISO 9712 (VT-Stufe2-Sektor3) Fachmann im Bereich Fernw\u00e4rme und Fernk\u00e4lte f\u00fcr erdverlegte und geb\u00e4udeverlegte Rohrleitungen, alle Nennweiten und Dr\u00fccke (SMR, KMR, Haubenkanal, Schachtbauwerke). Fachmann im Bereich Gas [&hellip;]<\/p>\n","protected":false},"author":1,"featured_media":0,"parent":0,"menu_order":0,"comment_status":"closed","ping_status":"closed","template":"","meta":{"_et_pb_use_builder":"on","_et_pb_old_content":"<!-- wp:divi\/placeholder \/-->","_et_gb_content_width":"","footnotes":""},"class_list":["post-137","page","type-page","status-publish","hentry"],"_links":{"self":[{"href":"https:\/\/hiermeier-isv.de\/index.php\/wp-json\/wp\/v2\/pages\/137","targetHints":{"allow":["GET"]}}],"collection":[{"href":"https:\/\/hiermeier-isv.de\/index.php\/wp-json\/wp\/v2\/pages"}],"about":[{"href":"https:\/\/hiermeier-isv.de\/index.php\/wp-json\/wp\/v2\/types\/page"}],"author":[{"embeddable":true,"href":"https:\/\/hiermeier-isv.de\/index.php\/wp-json\/wp\/v2\/users\/1"}],"replies":[{"embeddable":true,"href":"https:\/\/hiermeier-isv.de\/index.php\/wp-json\/wp\/v2\/comments?post=137"}],"version-history":[{"count":10,"href":"https:\/\/hiermeier-isv.de\/index.php\/wp-json\/wp\/v2\/pages\/137\/revisions"}],"predecessor-version":[{"id":4678,"href":"https:\/\/hiermeier-isv.de\/index.php\/wp-json\/wp\/v2\/pages\/137\/revisions\/4678"}],"wp:attachment":[{"href":"https:\/\/hiermeier-isv.de\/index.php\/wp-json\/wp\/v2\/media?parent=137"}],"curies":[{"name":"wp","href":"https:\/\/api.w.org\/{rel}","templated":true}]}}