{"id":155,"date":"2020-05-03T20:52:49","date_gmt":"2020-05-03T18:52:49","guid":{"rendered":"http:\/\/hiermeier-isv.de\/?page_id=155"},"modified":"2021-01-20T19:17:41","modified_gmt":"2021-01-20T18:17:41","slug":"rohrleitungs-und-anlagenbau","status":"publish","type":"page","link":"https:\/\/hiermeier-isv.de\/index.php\/rohrleitungs-und-anlagenbau\/","title":{"rendered":"Rohrleitungs- und Anlagenbau"},"content":{"rendered":"<p>[et_pb_section fb_built=&#8220;1&#8243; fullwidth=&#8220;on&#8220; _builder_version=&#8220;4.4.5&#8243;][et_pb_fullwidth_header title=&#8220;ROHRLEITUNGS- UND ANLAGENBAU&#8220; header_fullscreen=&#8220;on&#8220; header_scroll_down=&#8220;on&#8220; background_overlay_color=&#8220;rgba(11,77,191,0.26)&#8220; _builder_version=&#8220;4.8.1&#8243; background_enable_color=&#8220;off&#8220; background_image=&#8220;http:\/\/hiermeier-isv.de\/wp-content\/uploads\/2020\/05\/city-3213676_1920-1.jpg&#8220; parallax=&#8220;on&#8220; title_font_size_tablet=&#8220;&#8220; title_font_size_phone=&#8220;30px&#8220; title_font_size_last_edited=&#8220;on|phone&#8220;][\/et_pb_fullwidth_header][\/et_pb_section][et_pb_section fb_built=&#8220;1&#8243; _builder_version=&#8220;4.4.5&#8243;][et_pb_row _builder_version=&#8220;4.4.7&#8243; custom_padding=&#8220;47px|||||&#8220;][et_pb_column type=&#8220;4_4&#8243; _builder_version=&#8220;4.4.7&#8243;][et_pb_blurb title=&#8220;Rohrleitungs- und Anlagebau&#8220; use_icon=&#8220;on&#8220; icon_color=&#8220;#000000&#8243; icon_placement=&#8220;left&#8220; content_max_width_tablet=&#8220;&#8220; content_max_width_phone=&#8220;&#8220; content_max_width_last_edited=&#8220;on|desktop&#8220; _builder_version=&#8220;4.8.1&#8243; header_level=&#8220;h3&#8243; header_font=&#8220;|||||on|||&#8220; header_font_size=&#8220;26px&#8220; header_line_height=&#8220;1.2em&#8220; body_font=&#8220;|||||on|||&#8220; header_font_size_tablet=&#8220;&#8220; header_font_size_phone=&#8220;22px&#8220; header_font_size_last_edited=&#8220;on|phone&#8220; sticky_enabled=&#8220;0&#8243; hover_enabled=&#8220;0&#8243;]<\/p>\n<p>Aufgrund meiner langj\u00e4hrigen Berufserfahrung hatte ich im Rohrleitungsbau mit allen Medien, Nennweiten und Dr\u00fccke bereits zu tun. Mein Schwerpunkt lag die letzten Jahre im Bereich Fernw\u00e4rme und Fernk\u00e4lte, wobei hier alle Systeme vom Stahlmantelrohr (SMR), Kunststoffmantelrohr (KMR) sowie die Verlegung in Hauben- und Trogkan\u00e4le mit den unterschiedlichsten Temperatur- und Druckstufen umfasst sind. Zudem habe ich auch f\u00fcr Gas und Wasser alle Nennweiten und Dr\u00fccke bearbeitet.<\/p>\n<p>Das dies die optimale Suche nach den wirtschaftlichsten L\u00f6sungen voraussetzt, ist selbstverst\u00e4ndlich. Hierbei macht es keinen Unterschied, ob die \u00f6rtlichen Gegeben-heiten schwierig sind, es sich um komplizierte Vorgaben handelt, oder auch \u201eBauen im Bestand\u201c erfolgen soll. Meine T\u00e4tigkeit umfasst ein breites Leistungsspektrum, welches auch die Begleitung durch alle Projektphasen und kostenoptimierte Komplettpakete beinhaltet.<\/p>\n<p>[\/et_pb_blurb][\/et_pb_column][\/et_pb_row][et_pb_row _builder_version=&#8220;4.4.7&#8243; custom_padding=&#8220;47px|||||&#8220;][et_pb_column type=&#8220;4_4&#8243; _builder_version=&#8220;4.4.7&#8243;][et_pb_blurb title=&#8220;Fernw\u00e4rme und Fernk\u00e4lte&#8220; use_icon=&#8220;on&#8220; icon_color=&#8220;#000000&#8243; icon_placement=&#8220;left&#8220; content_max_width_tablet=&#8220;&#8220; content_max_width_phone=&#8220;&#8220; content_max_width_last_edited=&#8220;on|desktop&#8220; _builder_version=&#8220;4.8.1&#8243; header_level=&#8220;h3&#8243; header_font=&#8220;|||||on|||&#8220; header_font_size=&#8220;26px&#8220; header_line_height=&#8220;1.2em&#8220; body_font=&#8220;|||||on|||&#8220; header_font_size_tablet=&#8220;&#8220; header_font_size_phone=&#8220;22px&#8220; header_font_size_last_edited=&#8220;on|phone&#8220; sticky_enabled=&#8220;0&#8243; hover_enabled=&#8220;0&#8243;]<\/p>\n<p>Die Optimierung bestehender Netze (Bauen im Bestand, Dampfnetz oder Hei\u00dfwasser), den Aufbau neuer Netze oder eine Netzverdichtung wird von mir in jeder Leistungsphase unterst\u00fctzt und zwar mit den erforderlichen technischen Hilfsmitteln. Ebenso erstelle ich komplette Konzepte jedweder Rohrleistungssysteme.<\/p>\n<p>F\u00fcr den jeweiligen Auftraggeber werden professionelle Ausschreibungen erstellt, sowie die notwendigen Vorbereitungen f\u00fcr die Baustelle getroffen und auf Wunsch auch die Bau\u00fcberwachung \u00fcbernommen, so dass die Projekte reibungslos ablaufen k\u00f6nnen.<\/p>\n<p>[\/et_pb_blurb][\/et_pb_column][\/et_pb_row][et_pb_row _builder_version=&#8220;4.4.7&#8243; custom_padding=&#8220;47px|||||&#8220;][et_pb_column type=&#8220;4_4&#8243; _builder_version=&#8220;4.4.7&#8243;][et_pb_blurb title=&#8220;Gas- und Wasserversorgung&#8220; use_icon=&#8220;on&#8220; icon_color=&#8220;#000000&#8243; icon_placement=&#8220;left&#8220; content_max_width_tablet=&#8220;&#8220; content_max_width_phone=&#8220;&#8220; content_max_width_last_edited=&#8220;on|desktop&#8220; _builder_version=&#8220;4.8.1&#8243; header_level=&#8220;h3&#8243; header_font=&#8220;|||||on|||&#8220; header_font_size=&#8220;26px&#8220; header_line_height=&#8220;1.2em&#8220; body_font=&#8220;|||||on|||&#8220; header_font_size_tablet=&#8220;&#8220; header_font_size_phone=&#8220;22px&#8220; header_font_size_last_edited=&#8220;on|phone&#8220; sticky_enabled=&#8220;0&#8243; hover_enabled=&#8220;0&#8243;]<\/p>\n<p>Im Bereich Gas- und Wasserversorgung biete ich ebenfalls komplette Konzepte, egal ob es um Rohrverlegungen oder Tiefbauarbeiten geht, an (alle Druckbereiche und Nennweiten). Dies schlie\u00dft mit ein, dass meine Leistung auf die jeweiligen Vorgaben pr\u00e4zise angepasst werden.<\/p>\n<p>[\/et_pb_blurb][\/et_pb_column][\/et_pb_row][et_pb_row _builder_version=&#8220;4.4.7&#8243; custom_padding=&#8220;47px|||||&#8220;][et_pb_column type=&#8220;4_4&#8243; _builder_version=&#8220;4.4.7&#8243;][et_pb_blurb title=&#8220;Bauwerke f\u00fcr die Gewerke Fernw\u00e4rme\/K\u00e4lte, Gas\/Wasser&#8220; use_icon=&#8220;on&#8220; icon_color=&#8220;#000000&#8243; icon_placement=&#8220;left&#8220; content_max_width_tablet=&#8220;&#8220; content_max_width_phone=&#8220;&#8220; content_max_width_last_edited=&#8220;on|desktop&#8220; _builder_version=&#8220;4.8.1&#8243; header_level=&#8220;h3&#8243; header_font=&#8220;|||||on|||&#8220; header_font_size=&#8220;26px&#8220; header_line_height=&#8220;1.2em&#8220; body_font=&#8220;|||||on|||&#8220; header_font_size_tablet=&#8220;&#8220; header_font_size_phone=&#8220;22px&#8220; header_font_size_last_edited=&#8220;on|phone&#8220; sticky_enabled=&#8220;0&#8243; hover_enabled=&#8220;0&#8243;]<\/p>\n<p>F\u00fcr die Gewerke sind Schachtbauwerke oftmals unverzichtbar, die zudem begehbar sein m\u00fcssen. Die Bauwerke unterliegen einer bestimmten Norm. Eine Rolle spielt hierbei die richtige Dimensionierung, die von mir ermittelt wird. Angeboten wird in diesem Bereich ebenfalls die Bau\u00fcberwachung.<\/p>\n<p>[\/et_pb_blurb][\/et_pb_column][\/et_pb_row][et_pb_row _builder_version=&#8220;4.4.7&#8243; custom_padding=&#8220;47px|||||&#8220;][et_pb_column type=&#8220;4_4&#8243; _builder_version=&#8220;4.4.7&#8243;][et_pb_blurb title=&#8220;Zusammenfassend:&#8220; use_icon=&#8220;on&#8220; icon_color=&#8220;#000000&#8243; icon_placement=&#8220;left&#8220; content_max_width_tablet=&#8220;&#8220; content_max_width_phone=&#8220;&#8220; content_max_width_last_edited=&#8220;on|desktop&#8220; _builder_version=&#8220;4.8.1&#8243; header_level=&#8220;h3&#8243; header_font=&#8220;|||||on|||&#8220; header_font_size=&#8220;26px&#8220; header_line_height=&#8220;1.2em&#8220; body_font=&#8220;|||||on|||&#8220; header_font_size_tablet=&#8220;&#8220; header_font_size_phone=&#8220;22px&#8220; header_font_size_last_edited=&#8220;on|phone&#8220; sticky_enabled=&#8220;0&#8243; hover_enabled=&#8220;0&#8243;]<\/p>\n<p>Eine wirtschaftlich sinnvolle und kompetent ausgef\u00fchrte Leistung aus einer Hand, d.h. Wirtschaftlichkeitsberechnungen, Ausf\u00fchrungsplanungen, Leistungsverzeichnisse, Projekt- und Bau\u00fcberwachung, Aufma\u00df- und Dokumentationserstellung.<span style=\"font-size: 18px;\">\u00a0<\/span><\/p>\n<p>Aufgrund meiner jahrelangen praktischen Erfahrung sowohl auf Versorgerseite, als auch der Auftragnehmerseite, bin ich in der Lage, die technisch und wirtschaftlich sinnvollsten L\u00f6sungen zu erarbeiten.<\/p>\n<p>[\/et_pb_blurb][\/et_pb_column][\/et_pb_row][\/et_pb_section]<\/p>\n","protected":false},"excerpt":{"rendered":"<p>Aufgrund meiner langj\u00e4hrigen Berufserfahrung hatte ich im Rohrleitungsbau mit allen Medien, Nennweiten und Dr\u00fccke bereits zu tun. Mein Schwerpunkt lag die letzten Jahre im Bereich Fernw\u00e4rme und Fernk\u00e4lte, wobei hier alle Systeme vom Stahlmantelrohr (SMR), Kunststoffmantelrohr (KMR) sowie die Verlegung in Hauben- und Trogkan\u00e4le mit den unterschiedlichsten Temperatur- und Druckstufen umfasst sind. Zudem habe ich [&hellip;]<\/p>\n","protected":false},"author":1,"featured_media":0,"parent":0,"menu_order":0,"comment_status":"closed","ping_status":"closed","template":"","meta":{"_et_pb_use_builder":"on","_et_pb_old_content":"<!-- wp:divi\/placeholder \/-->","_et_gb_content_width":"","footnotes":""},"class_list":["post-155","page","type-page","status-publish","hentry"],"_links":{"self":[{"href":"https:\/\/hiermeier-isv.de\/index.php\/wp-json\/wp\/v2\/pages\/155","targetHints":{"allow":["GET"]}}],"collection":[{"href":"https:\/\/hiermeier-isv.de\/index.php\/wp-json\/wp\/v2\/pages"}],"about":[{"href":"https:\/\/hiermeier-isv.de\/index.php\/wp-json\/wp\/v2\/types\/page"}],"author":[{"embeddable":true,"href":"https:\/\/hiermeier-isv.de\/index.php\/wp-json\/wp\/v2\/users\/1"}],"replies":[{"embeddable":true,"href":"https:\/\/hiermeier-isv.de\/index.php\/wp-json\/wp\/v2\/comments?post=155"}],"version-history":[{"count":19,"href":"https:\/\/hiermeier-isv.de\/index.php\/wp-json\/wp\/v2\/pages\/155\/revisions"}],"predecessor-version":[{"id":4473,"href":"https:\/\/hiermeier-isv.de\/index.php\/wp-json\/wp\/v2\/pages\/155\/revisions\/4473"}],"wp:attachment":[{"href":"https:\/\/hiermeier-isv.de\/index.php\/wp-json\/wp\/v2\/media?parent=155"}],"curies":[{"name":"wp","href":"https:\/\/api.w.org\/{rel}","templated":true}]}}