{"id":158,"date":"2020-05-03T20:53:10","date_gmt":"2020-05-03T18:53:10","guid":{"rendered":"http:\/\/hiermeier-isv.de\/?page_id=158"},"modified":"2021-01-23T15:09:54","modified_gmt":"2021-01-23T14:09:54","slug":"sachverstaendigen-und-gutachterwesen","status":"publish","type":"page","link":"https:\/\/hiermeier-isv.de\/index.php\/sachverstaendigen-und-gutachterwesen\/","title":{"rendered":"Sachverst\u00e4ndigen- und Gutachterwesen"},"content":{"rendered":"<p>[et_pb_section fb_built=&#8220;1&#8243; fullwidth=&#8220;on&#8220; _builder_version=&#8220;4.4.5&#8243; background_enable_image=&#8220;off&#8220;][et_pb_fullwidth_header title=&#8220;SACHVERST\u00c4NDIGEN- UND GUTACHTERWESEN&#8220; header_fullscreen=&#8220;on&#8220; header_scroll_down=&#8220;on&#8220; scroll_down_icon_color=&#8220;#ffffff&#8220; background_overlay_color=&#8220;rgba(7,89,178,0.36)&#8220; _builder_version=&#8220;4.8.1&#8243; background_color=&#8220;#4f7fef&#8220; use_background_color_gradient=&#8220;on&#8220; background_color_gradient_start=&#8220;rgba(8,99,204,0.85)&#8220; background_color_gradient_end=&#8220;rgba(181,0,27,0.32)&#8220; background_color_gradient_direction=&#8220;174deg&#8220; background_color_gradient_overlays_image=&#8220;on&#8220; background_image=&#8220;http:\/\/hiermeier-isv.de\/wp-content\/uploads\/2020\/05\/fernwaerme.jpg&#8220; parallax=&#8220;on&#8220; title_font_size_tablet=&#8220;&#8220; title_font_size_phone=&#8220;30px&#8220; title_font_size_last_edited=&#8220;on|phone&#8220;][\/et_pb_fullwidth_header][\/et_pb_section][et_pb_section fb_built=&#8220;1&#8243; _builder_version=&#8220;4.4.5&#8243;][et_pb_row _builder_version=&#8220;4.4.7&#8243;][et_pb_column type=&#8220;4_4&#8243; _builder_version=&#8220;4.4.7&#8243;][et_pb_blurb title=&#8220;Sachverst\u00e4ndiger f\u00fcr den Rohrleitungs- und Anlagenbau &#8220; use_icon=&#8220;on&#8220; icon_color=&#8220;#000000&#8243; icon_placement=&#8220;left&#8220; content_max_width_tablet=&#8220;&#8220; content_max_width_phone=&#8220;&#8220; content_max_width_last_edited=&#8220;on|desktop&#8220; _builder_version=&#8220;4.8.1&#8243; header_level=&#8220;h3&#8243; header_font=&#8220;|||||on|||&#8220; header_font_size=&#8220;26px&#8220; header_line_height=&#8220;1.2em&#8220; body_font=&#8220;|||||on|||&#8220; hover_enabled=&#8220;0&#8243; header_font_size_tablet=&#8220;&#8220; header_font_size_phone=&#8220;22px&#8220; header_font_size_last_edited=&#8220;on|desktop&#8220; sticky_enabled=&#8220;0&#8243;]<\/p>\n<p>Ich begutachte Sch\u00e4den und M\u00e4ngel im Rohrleitungsbau sowie an verfahrenstechnischen Anlagen aller Art. Die Begutachtung umfasst auch die dazugeh\u00f6rige Schweisstechnik f\u00fcr die vorgenannten Bereiche. Das Spektrum beinhaltet ebenso die Schadens- und M\u00e4ngelanalyse sowie die Ermittlung der Ursachen und die Gutachtensanfertigung.<\/p>\n<p>Ein Gutachten wird ben\u00f6tigt, wenn ein Schaden eingetreten ist, f\u00fcr einen Soll-\/Ist-Vergleich, zur Beweissicherung, f\u00fcr Wertbestimmungen oder auch als Gegengutachten f\u00fcr die Beilegung von Streitigkeiten.<\/p>\n<p>Um Ausfallzeiten und Folgesch\u00e4den \u00e4u\u00dferst gering zu halten, werde ich zeitnah Sch\u00e4den feststellen und Beweise sichern. Eine sorgf\u00e4ltige Bearbeitung der Einzelf\u00e4lle ist dabei selbstverst\u00e4ndlich.<\/p>\n<p>[\/et_pb_blurb][\/et_pb_column][\/et_pb_row][et_pb_row _builder_version=&#8220;4.4.7&#8243;][et_pb_column type=&#8220;4_4&#8243; _builder_version=&#8220;4.4.7&#8243;][et_pb_blurb title=&#8220;Eines meiner Fachgebiete ist unter anderem:&#8220; use_icon=&#8220;on&#8220; icon_color=&#8220;#000000&#8243; icon_placement=&#8220;left&#8220; content_max_width_tablet=&#8220;&#8220; content_max_width_phone=&#8220;&#8220; content_max_width_last_edited=&#8220;on|desktop&#8220; _builder_version=&#8220;4.8.1&#8243; header_level=&#8220;h3&#8243; header_font=&#8220;|||||on|||&#8220; header_font_size=&#8220;26px&#8220; header_line_height=&#8220;1.2em&#8220; body_font=&#8220;|||||on|||&#8220; hover_enabled=&#8220;0&#8243; header_font_size_tablet=&#8220;&#8220; header_font_size_phone=&#8220;22px&#8220; header_font_size_last_edited=&#8220;on|desktop&#8220; sticky_enabled=&#8220;0&#8243;]<\/p>\n<p><strong>Die gutachterliche Stellungnahme f\u00fcr das Aufschwei\u00dfen von Anbohrstutzen f\u00fcr das Anbohren an Betrieb befindlichen Rohrleitungen im Bereich Fernw\u00e4rme.<\/strong><strong>\u00a0<\/strong><\/p>\n<p>Vor Arbeiten an Anlagenteilen, die hei\u00dfes Medium f\u00fchren oder unter Druck stehen und bei welchen mit gef\u00e4hrdendem Ausstr\u00f6men gerechnet wird, muss vorab ein Freigabeverfahren, welches sicherheitstechnische und organisatorische Vorgaben festlegt, durchgef\u00fchrt werden. Bei Sonderverfahren, wie z.B. Aufschwei\u00dfen eines Anbohrstutzens inkl. der erforderlichen Anbohrung, ist eine gutachterliche Stellungnahme zur Gef\u00e4hrdungsbeurteilung erforderlich. (DGUV Regel 103-002) Diese DGUVRegeln beinhalten zudem die n\u00f6tigen Arbeitshinweise bez\u00fcglich Arbeitssicherheit und Gesundheit, Arbeiten an Fernw\u00e4rmeverteilungs-anlagen, Sch\u00e4chten und Versorgungstunnel als Arbeitsbereich, Sonderverfahren zum Arbeiten an in Betrieb befindlichen Anlagenteilen und Pr\u00fcfungen. Das AGFW-Regelwerk, Arbeitsblatt FW 446 (Schwei\u00dfverbindungen an Rohrleitungen aus Stahl in der Fernw\u00e4rmeversorgung \u2013 Herstellung, Pr\u00fcfung und Bewertung) und FW 432 (Betriebliche Mindestanforderungen an die Erstellung eines Rohrabzweiges an in Betrieb befindlichen Fernw\u00e4rmeleitungen nach dem Anbohrverfahren) legt die Mindestanforderungen an die Arbeiten f\u00fcr den Auftragnehmer dar.<\/p>\n<p>Da ich Mitglied im Projektkreis der AGFW\/BG ETEM bin, sind mir die Vorgaben bestens vertraut. Der Projektkreis ist st\u00e4ndig um eine Konkretisierung bzw. \u00dcberarbeitung der AGFW-Regelwerke mit den DGUV-Regeln bem\u00fcht. Eine \u00dcberschneidung AGFW\/DGUV findet sich derzeit u.a. auf dem Gebiet der gutachterlichen Stellungnahme.<\/p>\n<p><strong>F\u00fcr den Verfahrensablauf zur Erstellung einer gutachterlichen Stellungnahme sind folgende Punkte erforderlich:<\/strong><\/p>\n<ul>\n<li>Festlegung des Pr\u00fcfungsumfangs und Beauftragung<\/li>\n<li>\u00dcbermittlung der notwendigen Dokumente<\/li>\n<li>\u00dcberpr\u00fcfung der Dokumente und erste Abstimmung<\/li>\n<li>Ortstermin (inkl. evtl. notwendiger Verfahrenspr\u00fcfungen)<\/li>\n<li>Anfertigung der gutachterlichen Stellungnahme<\/li>\n<\/ul>\n<p><strong>Bei der Dokumentenpr\u00fcfung werden folgende Punkte \u00fcberpr\u00fcft:<br \/><\/strong>Betriebsanweisung, Gef\u00e4hrdungsbeurteilung, Verfahrensbeschreibung, Bedienungsanleitungen, Unterweisungen, Schwei\u00dfanweisung, Schwei\u00dferpr\u00fcfungsbescheinigung, Schwei\u00dfverfahrenspr\u00fcfung, Aussagen zur Organisationsstruktur, Qualifikation der Schwei\u00dfaufsichtsperson.\u00a0<\/p>\n<p>Beim Ortstermin wird festgestellt, ob die Qualifizierung der eingesetzten Personen und der verwendeten Ger\u00e4te geeignet und gepr\u00fcft sind. Zudem, ob die geplanten Arbeitsabl\u00e4ufe beherrscht werden und mit der vorgegebenen Dokumentation \u00fcbereinstimmen.\u00a0<\/p>\n<p><strong>Aufgenommen werden:<br \/><\/strong>Festlegung der Verantwortung, Personalqualifikation, Unterweisung, pers\u00f6nliche Schutzausr\u00fcstung, Freigabeverfahren, Anbohrger\u00e4te und sonstige Betriebsmittel, Zubeh\u00f6r und Hilfsmittel, Stutzen bzw. Absperreinrichtungen, Schwei\u00dfzusatz, Wanddickenmessung, Aufschwei\u00dfvorgang, ZfP-Pr\u00fcfung, Dichtheitspr\u00fcfung, Anbohrprotokoll usw.\u00a0<\/p>\n<p>Auf Wunsch kann im Rahmen der Praxispr\u00fcfung vor Ort auch eine Verfahrenspr\u00fcfung nach DIN EN ISO 15614-1 (Aufschwei\u00dfen von Stutzen an in Betrieb befindlichen Leitungen gem. AGFW FW 446) vorgenommen werden.\u00a0<\/p>\n<p>Zum Nachweis gegen\u00fcber Auftraggebern erh\u00e4lt das Unternehmen einen Bericht in Gutachtensform. Diese Stellungnahme bescheinigt die qualifizierte Durchf\u00fchrung von Stutzenschwei\u00dfungen und Anbohrungen an in Betrieb befindlichen Fernw\u00e4rmeleitungen. Zu Verbesserungsvorschl\u00e4gen im Ablauf werden selbstverst\u00e4ndlich Hinweise gegeben.\u00a0<\/p>\n<p>Sofern sie eine gutachterliche Stellungnahme ben\u00f6tigen, richten Sie gerne eine <a href=\"https:\/\/hiermeier-isv.de\/index.php\/kontakt\/\">Anfrage an mich,<\/a> ich erstelle ein unverbindliches Angebot.<\/p>\n<p>[\/et_pb_blurb][\/et_pb_column][\/et_pb_row][\/et_pb_section]<\/p>\n","protected":false},"excerpt":{"rendered":"<p>Ich begutachte Sch\u00e4den und M\u00e4ngel im Rohrleitungsbau sowie an verfahrenstechnischen Anlagen aller Art. Die Begutachtung umfasst auch die dazugeh\u00f6rige Schweisstechnik f\u00fcr die vorgenannten Bereiche. Das Spektrum beinhaltet ebenso die Schadens- und M\u00e4ngelanalyse sowie die Ermittlung der Ursachen und die Gutachtensanfertigung. Ein Gutachten wird ben\u00f6tigt, wenn ein Schaden eingetreten ist, f\u00fcr einen Soll-\/Ist-Vergleich, zur Beweissicherung, f\u00fcr [&hellip;]<\/p>\n","protected":false},"author":1,"featured_media":0,"parent":0,"menu_order":0,"comment_status":"closed","ping_status":"closed","template":"","meta":{"_et_pb_use_builder":"on","_et_pb_old_content":"<!-- wp:divi\/placeholder \/-->","_et_gb_content_width":"","footnotes":""},"class_list":["post-158","page","type-page","status-publish","hentry"],"_links":{"self":[{"href":"https:\/\/hiermeier-isv.de\/index.php\/wp-json\/wp\/v2\/pages\/158","targetHints":{"allow":["GET"]}}],"collection":[{"href":"https:\/\/hiermeier-isv.de\/index.php\/wp-json\/wp\/v2\/pages"}],"about":[{"href":"https:\/\/hiermeier-isv.de\/index.php\/wp-json\/wp\/v2\/types\/page"}],"author":[{"embeddable":true,"href":"https:\/\/hiermeier-isv.de\/index.php\/wp-json\/wp\/v2\/users\/1"}],"replies":[{"embeddable":true,"href":"https:\/\/hiermeier-isv.de\/index.php\/wp-json\/wp\/v2\/comments?post=158"}],"version-history":[{"count":26,"href":"https:\/\/hiermeier-isv.de\/index.php\/wp-json\/wp\/v2\/pages\/158\/revisions"}],"predecessor-version":[{"id":4480,"href":"https:\/\/hiermeier-isv.de\/index.php\/wp-json\/wp\/v2\/pages\/158\/revisions\/4480"}],"wp:attachment":[{"href":"https:\/\/hiermeier-isv.de\/index.php\/wp-json\/wp\/v2\/media?parent=158"}],"curies":[{"name":"wp","href":"https:\/\/api.w.org\/{rel}","templated":true}]}}