{"id":161,"date":"2020-05-03T20:53:36","date_gmt":"2020-05-03T18:53:36","guid":{"rendered":"http:\/\/hiermeier-isv.de\/?page_id=161"},"modified":"2021-01-19T15:06:05","modified_gmt":"2021-01-19T14:06:05","slug":"schweisstechnik","status":"publish","type":"page","link":"https:\/\/hiermeier-isv.de\/index.php\/schweisstechnik\/","title":{"rendered":"Schweisstechnik"},"content":{"rendered":"<p>[et_pb_section fb_built=&#8220;1&#8243; fullwidth=&#8220;on&#8220; _builder_version=&#8220;4.4.5&#8243;][et_pb_fullwidth_header title=&#8220;Schweisstechnik&#8220; header_fullscreen=&#8220;on&#8220; header_scroll_down=&#8220;on&#8220; scroll_down_icon_color=&#8220;#000000&#8243; background_overlay_color=&#8220;rgba(12,113,195,0.21)&#8220; _builder_version=&#8220;4.8.1&#8243; title_font=&#8220;|600||on|||||&#8220; background_enable_color=&#8220;off&#8220; background_color_gradient_direction=&#8220;89deg&#8220; background_image=&#8220;http:\/\/hiermeier-isv.de\/wp-content\/uploads\/2020\/05\/city-3213676_1920-1.jpg&#8220; parallax=&#8220;on&#8220; hover_enabled=&#8220;0&#8243; title_font_size_last_edited=&#8220;on|phone&#8220; sticky_enabled=&#8220;0&#8243; title_font_size_phone=&#8220;30px&#8220;][\/et_pb_fullwidth_header][\/et_pb_section][et_pb_section fb_built=&#8220;1&#8243; _builder_version=&#8220;4.4.5&#8243;][et_pb_row _builder_version=&#8220;4.4.5&#8243; custom_padding=&#8220;0px|||||&#8220;][et_pb_column type=&#8220;4_4&#8243; _builder_version=&#8220;4.4.5&#8243;][et_pb_cta title=&#8220;Externe Schwei\u00dfaufsicht nach EN ISO 14731&#8243; button_text=&#8220;Klicks&#8220; _builder_version=&#8220;4.8.1&#8243; header_font=&#8220;|||||on|||&#8220; header_text_align=&#8220;left&#8220; body_line_height=&#8220;1.4em&#8220; background_color=&#8220;#ffffff&#8220; background_layout=&#8220;light&#8220; width_tablet=&#8220;&#8220; width_phone=&#8220;&#8220; width_last_edited=&#8220;on|phone&#8220; module_alignment=&#8220;center&#8220; header_font_size_tablet=&#8220;&#8220; header_font_size_phone=&#8220;22px&#8220; header_font_size_last_edited=&#8220;on|desktop&#8220;]<\/p>\n<p>Die Verantwortung f\u00fcr die schwei\u00dftechnische Fertigung liegt beim Hersteller, ebenso, eine kompetente und fachkundige Person zu benennen.<\/p>\n<p>Da die jeweiligen Normen, je nach Ausf\u00fchrungsklasse, unterschiedliche Qualifikationen der verantwortlichen Schwei\u00dfaufsicht erfordern, muss diese jeweils gew\u00e4hrleistet sein.<\/p>\n<p>Da das erforderliche Personal intern oftmals nicht verf\u00fcgbar ist, liegt die L\u00f6sung dieser Probleme in einer externen Schwei\u00dfaufsicht.<\/p>\n<p><strong>EN ISO 14731:<\/strong>\u00a0 Schwei\u00dfen ist ein spezieller Prozess, f\u00fcr den eine Abstimmung der schwei\u00dftechnischen T\u00e4tigkeiten erforderlich ist, um Vertrauen in die schwei\u00dftechnische Fertigung und in die zuverl\u00e4ssige Durchf\u00fchrung im Betrieb sicher zu stellen. Die Aufgaben und Verantwortung des Personals, das die mit der Schwei\u00dftechnik verbundenen T\u00e4tigkeiten beeinflusst, z.B. Planung, Ausf\u00fchrung, \u00dcberwachung und \u00dcberpr\u00fcfung, sind eindeutig festzulegen (EN ISO 3834: Diese legt die geeigneten Qualit\u00e4tsanforderungen f\u00fcr Schmelzschwei\u00dfprozesse von metallischen Werkstoffen fest).<span style=\"font-size: 18px;\">\u00a0<\/span><\/p>\n<p>Aufgrund meiner Qualifikationen bin ich in der Lage, genau festzulegen, welche individuellen Anforderungen das jeweilige Projekt erfordert, einschlie\u00dflich der gesamten Nebenarbeiten. Dies k\u00f6nnen beispielsweise sein:<span style=\"font-size: 18px;\">\u00a0<\/span><\/p>\n<ul>\n<li>Auswahl des Grundwerkstoffes und geeigneter Schwei\u00dfzus\u00e4tze<\/li>\n<li>Auswahl der Schwei\u00dfprozesse und Schwei\u00dfzus\u00e4tze f\u00fcr die jeweiligen Qualit\u00e4tsanforderungen<\/li>\n<li>Festlegung von Schwei\u00dffolgen und Nahtvorbereitungen<\/li>\n<li>Erstellung der geforderten Schwei\u00dfanweisungen (WPS)<\/li>\n<li>\u00dcberpr\u00fcfung der Machbarkeit der Ausf\u00fchrungsunterlagen f\u00fcr die Schwei\u00dfkonstruktion einschlie\u00dflich der Festlegung der Schwei\u00dftechnologie und der Schwei\u00dfnahtvorbereitung<\/li>\n<li>Beaufsichtigung, \u00dcberwachung und evtl. Optimierung der schwei\u00dftechnischen T\u00e4tigkeit des eingesetzten Personals<\/li>\n<li>Vorbereitung des Personals f\u00fcr die Zertifizierung<\/li>\n<li>Unterst\u00fctzung bei den erforderlichen Verfahrens-, Schwei\u00dfer- und Schwei\u00dfnahtpr\u00fcfungen<\/li>\n<li>Erstellung der ben\u00f6tigten Dokumentationsunterlagen\u00a0<\/li>\n<\/ul>\n<p>Gerne kann pers\u00f6nlich das gesamte Leistungsspektrum dargestellt werden.<\/p>\n<p><strong>\u00a0<\/strong><\/p>\n<h2>Schwei\u00dfaufsicht nach EN ISO 3834<span style=\"font-size: 18px;\">\u00a0<br \/><\/span><span style=\"font-size: 18px;\">Qualit\u00e4tsmanagement f\u00fcr das Schmelzschwei\u00dfen von metallischen Werkstoffen:<\/span><\/h2>\n<ul>\n<li><strong>Zielgruppe<\/strong>:<br \/> Hersteller von Bauteilen und Konstruktionen, in deren Herstellungsprozess das Schmelzschwei\u00dfen von Anlagen- und Maschinenbau, Fahrzeugbau und Rohrleitungsbau eingebunden ist.<\/li>\n<li><strong>Anwendungen<\/strong>:<br \/> Einzel- und Serienfertigung von Bauteilen aus den Bereichen Stahlbau, Druckbeh\u00e4lterbau, Anlagenbau, Kranbau, Br\u00fcckenbau und Fahrzeugbau sowie Instandsetzungen und Montagen.<\/li>\n<\/ul>\n<p><strong>Aufbau der EN ISO 3834<br \/><\/strong><span style=\"font-size: 18px;\">Die\u00a0<\/span><strong style=\"font-size: 18px;\">EN ISO 3834<\/strong><span style=\"font-size: 18px;\">\u00a0\u201eQualit\u00e4tsanforderungen f\u00fcr das Schmelzschwei\u00dfen von metallischen Werkstoffen\u201c besteht aus f\u00fcnf Teilen:<\/span><\/p>\n<ul>\n<li><strong>Teil 1<\/strong>: Kriterien f\u00fcr die Auswahl der geeigneten Stufe der Qualit\u00e4tsanforderungen<\/li>\n<li><strong>Teil 2<\/strong>: Umfassende Qualit\u00e4tsanforderungen<\/li>\n<li><strong>Teil 3<\/strong>: Standard-Qualit\u00e4tsanforderungen<\/li>\n<li><strong>Teil 4<\/strong>: Elementare Qualit\u00e4tsanforderungen<\/li>\n<li><strong>Teil 5<\/strong>: Dokumente, deren Anforderungen erf\u00fcllt werden m\u00fcssen, um die \u00dcbereinstimmungen der Teile 1 bis 4 nachzuweisen.\u00a0<\/li>\n<\/ul>\n<p>[\/et_pb_cta][\/et_pb_column][\/et_pb_row][\/et_pb_section]<\/p>\n","protected":false},"excerpt":{"rendered":"<p>Die Verantwortung f\u00fcr die schwei\u00dftechnische Fertigung liegt beim Hersteller, ebenso, eine kompetente und fachkundige Person zu benennen. Da die jeweiligen Normen, je nach Ausf\u00fchrungsklasse, unterschiedliche Qualifikationen der verantwortlichen Schwei\u00dfaufsicht erfordern, muss diese jeweils gew\u00e4hrleistet sein. Da das erforderliche Personal intern oftmals nicht verf\u00fcgbar ist, liegt die L\u00f6sung dieser Probleme in einer externen Schwei\u00dfaufsicht. EN ISO [&hellip;]<\/p>\n","protected":false},"author":1,"featured_media":0,"parent":0,"menu_order":0,"comment_status":"closed","ping_status":"closed","template":"","meta":{"_et_pb_use_builder":"on","_et_pb_old_content":"<!-- wp:divi\/placeholder \/-->","_et_gb_content_width":"","footnotes":""},"class_list":["post-161","page","type-page","status-publish","hentry"],"_links":{"self":[{"href":"https:\/\/hiermeier-isv.de\/index.php\/wp-json\/wp\/v2\/pages\/161","targetHints":{"allow":["GET"]}}],"collection":[{"href":"https:\/\/hiermeier-isv.de\/index.php\/wp-json\/wp\/v2\/pages"}],"about":[{"href":"https:\/\/hiermeier-isv.de\/index.php\/wp-json\/wp\/v2\/types\/page"}],"author":[{"embeddable":true,"href":"https:\/\/hiermeier-isv.de\/index.php\/wp-json\/wp\/v2\/users\/1"}],"replies":[{"embeddable":true,"href":"https:\/\/hiermeier-isv.de\/index.php\/wp-json\/wp\/v2\/comments?post=161"}],"version-history":[{"count":26,"href":"https:\/\/hiermeier-isv.de\/index.php\/wp-json\/wp\/v2\/pages\/161\/revisions"}],"predecessor-version":[{"id":4462,"href":"https:\/\/hiermeier-isv.de\/index.php\/wp-json\/wp\/v2\/pages\/161\/revisions\/4462"}],"wp:attachment":[{"href":"https:\/\/hiermeier-isv.de\/index.php\/wp-json\/wp\/v2\/media?parent=161"}],"curies":[{"name":"wp","href":"https:\/\/api.w.org\/{rel}","templated":true}]}}